{"id":253,"date":"2021-02-21T06:37:36","date_gmt":"2021-02-21T06:37:36","guid":{"rendered":"https:\/\/vicas.prestigeconcepts.sn\/index.php\/contact\/"},"modified":"2025-11-19T00:27:22","modified_gmt":"2025-11-19T00:27:22","slug":"contact","status":"publish","type":"page","link":"https:\/\/vicas.prestigeconcepts.sn\/index.php\/contact\/","title":{"rendered":"Contact"},"content":{"rendered":"\t\t<div data-elementor-type=\"wp-page\" data-elementor-id=\"253\" class=\"elementor elementor-253\">\n\t\t\t\t<div class=\"aux-parallax-section elementor-element elementor-element-b8827a1 e-flex e-con-boxed e-con e-parent\" data-id=\"b8827a1\" data-element_type=\"container\">\n\t\t\t\t\t<div class=\"e-con-inner\">\n\t\t<div class=\"elementor-element elementor-element-2618ade e-con-full e-flex e-con e-child\" data-id=\"2618ade\" data-element_type=\"container\">\n\t\t\t\t<div class=\"elementor-element elementor-element-39ea7b4 aux-appear-watch-animation aux-fade-in-down elementor-widget elementor-widget-heading\" data-id=\"39ea7b4\" data-element_type=\"widget\" data-widget_type=\"heading.default\">\n\t\t\t\t<div class=\"elementor-widget-container\">\n\t\t\t\t\t<h5 class=\"elementor-heading-title elementor-size-default\">Contactez-nous<\/h5>\t\t\t\t<\/div>\n\t\t\t\t<\/div>\n\t\t\t\t<div class=\"elementor-element elementor-element-97b1391 aux-appear-watch-animation aux-slide-from-bot elementor-widget__width-initial elementor-widget elementor-widget-heading\" data-id=\"97b1391\" data-element_type=\"widget\" data-widget_type=\"heading.default\">\n\t\t\t\t<div class=\"elementor-widget-container\">\n\t\t\t\t\t<h1 class=\"elementor-heading-title elementor-size-default\">Rejoignez nos lieux de travail \u00e0 travers le S\u00e9n\u00e9gal<\/h1>\t\t\t\t<\/div>\n\t\t\t\t<\/div>\n\t\t\t\t<\/div>\n\t\t\t\t\t<\/div>\n\t\t\t\t<\/div>\n\t\t<div class=\"aux-parallax-section elementor-element elementor-element-f8d40c6 e-flex e-con-boxed e-con e-parent\" data-id=\"f8d40c6\" data-element_type=\"container\">\n\t\t\t\t\t<div class=\"e-con-inner\">\n\t\t<div class=\"elementor-element elementor-element-6e209c4 e-con-full e-flex e-con e-child\" data-id=\"6e209c4\" data-element_type=\"container\">\n\t\t\t\t<div class=\"elementor-element elementor-element-27e6216 aux-appear-watch-animation aux-scale-up elementor-widget elementor-widget-image\" data-id=\"27e6216\" data-element_type=\"widget\" data-widget_type=\"image.default\">\n\t\t\t\t<div class=\"elementor-widget-container\">\n\t\t\t\t\t\t\t\t\t\t\t\t\t\t\t<img fetchpriority=\"high\" decoding=\"async\" width=\"450\" height=\"360\" src=\"https:\/\/vicas.prestigeconcepts.sn\/wp-content\/uploads\/2025\/11\/pngtree-map-of-senegal-map-cartography-contour-vector-png-image_18776982.png\" class=\"attachment-full size-full wp-image-396\" alt=\"\" srcset=\"https:\/\/vicas.prestigeconcepts.sn\/wp-content\/uploads\/2025\/11\/pngtree-map-of-senegal-map-cartography-contour-vector-png-image_18776982.png 450w, https:\/\/vicas.prestigeconcepts.sn\/wp-content\/uploads\/2025\/11\/pngtree-map-of-senegal-map-cartography-contour-vector-png-image_18776982-200x160.png 200w\" sizes=\"(max-width: 450px) 100vw, 450px\" \/>\t\t\t\t\t\t\t\t\t\t\t\t\t\t\t<\/div>\n\t\t\t\t<\/div>\n\t\t\t\t<\/div>\n\t\t\t\t\t<\/div>\n\t\t\t\t<\/div>\n\t\t<div class=\"aux-parallax-section elementor-element elementor-element-accae5c e-flex e-con-boxed e-con e-parent\" data-id=\"accae5c\" data-element_type=\"container\">\n\t\t\t\t\t<div class=\"e-con-inner\">\n\t\t<div class=\"elementor-element elementor-element-e1ae5ed e-con-full e-flex e-con e-child\" data-id=\"e1ae5ed\" data-element_type=\"container\">\n\t\t\t\t<div class=\"elementor-element elementor-element-2c8010c aux-appear-watch-animation aux-fade-in-down elementor-widget elementor-widget-heading\" data-id=\"2c8010c\" data-element_type=\"widget\" data-widget_type=\"heading.default\">\n\t\t\t\t<div class=\"elementor-widget-container\">\n\t\t\t\t\t<h2 class=\"elementor-heading-title elementor-size-default\">Envoyer Message<\/h2>\t\t\t\t<\/div>\n\t\t\t\t<\/div>\n\t\t\t\t<div class=\"elementor-element elementor-element-902f9ab aux-appear-watch-animation aux-fade-in-up elementor-widget elementor-widget-aux_contact_form\" data-id=\"902f9ab\" data-element_type=\"widget\" data-widget_type=\"aux_contact_form.default\">\n\t\t\t\t<div class=\"elementor-widget-container\">\n\t\t\t\t\t<section class=\"widget-container aux-widget-contact-form aux-parent-au85f6a34e\">            <div class=\"aux-col-wrapper aux-no-gutter\">\n            <!-- @TODO - The output for element here -->\n\n            \n<div class=\"wpcf7 no-js\" id=\"wpcf7-f261-o1\" lang=\"en-US\" dir=\"ltr\" data-wpcf7-id=\"261\">\n<div class=\"screen-reader-response\"><p role=\"status\" aria-live=\"polite\" aria-atomic=\"true\"><\/p> <ul><\/ul><\/div>\n<form action=\"\/index.php\/wp-json\/wp\/v2\/pages\/253#wpcf7-f261-o1\" method=\"post\" class=\"wpcf7-form init\" aria-label=\"Contact form\" novalidate=\"novalidate\" data-status=\"init\">\n<fieldset class=\"hidden-fields-container\"><input type=\"hidden\" name=\"_wpcf7\" value=\"261\" \/><input type=\"hidden\" name=\"_wpcf7_version\" value=\"6.1.3\" \/><input type=\"hidden\" name=\"_wpcf7_locale\" value=\"en_US\" \/><input type=\"hidden\" name=\"_wpcf7_unit_tag\" value=\"wpcf7-f261-o1\" \/><input type=\"hidden\" name=\"_wpcf7_container_post\" value=\"0\" \/><input type=\"hidden\" name=\"_wpcf7_posted_data_hash\" value=\"\" \/>\n<\/fieldset>\n<div class=\"contact-form\">\n\t<p><span class=\"wpcf7-form-control-wrap\" data-name=\"select-886\"><select class=\"wpcf7-form-control wpcf7-select\" aria-invalid=\"false\" name=\"select-886\"><option value=\"&quot;Vidange et Pompage&quot;\">&quot;Vidange et Pompage&quot;<\/option><option value=\"&quot;Entretien et Curage&quot;\">&quot;Entretien et Curage&quot;<\/option><option value=\"&quot;D\u00e9bouchage et D\u00e9sengorgement&quot; &quot;Installation de Syst\u00e8mes de Pompage&quot;\">&quot;D\u00e9bouchage et D\u00e9sengorgement&quot; &quot;Installation de Syst\u00e8mes de Pompage&quot;<\/option><\/select><\/span>\n\t<\/p>\n\t<div class=\"contact-form__column\">\n\t\t<p><input type=\"text\" name=\"field1\" class=\"field-long-1\" id=\"right\" placeholder=\"Nom Complet*\" \/><input type=\"email\" name=\"field2\" class=\"field-long-1\" id=\"left\" placeholder=\"Votre Email *\" \/><input type=\"text\" name=\"field3\" class=\"field-long-1\" id=\"left\" placeholder=\"Votre Site web*\" \/>\n\t\t<\/p>\n\t<\/div>\n\t<p><textarea name=\"field1\" id=\"field1\" class=\"field-textarea-1\" placeholder=\"Question *\">\n<\/textarea><br \/>\n<input type=\"checkbox\" class=\"ossm\" name=\"ossm\" \/><label for=\"ossm\">En cochant vous acceptez les conditions et termes de confidentialit\u00e9s<\/label>\n\t<\/p>\n\t<p><input type=\"submit\" value=\"Envoyer\" \/>\n\t<\/p>\n<\/div><div class=\"wpcf7-response-output\" aria-hidden=\"true\"><\/div>\n<\/form>\n<\/div>\n\n\n            <\/div><!-- aux-col-wrapper -->\n    <\/section><!-- widget-container -->\t\t\t\t<\/div>\n\t\t\t\t<\/div>\n\t\t\t\t<\/div>\n\t\t\t\t\t<\/div>\n\t\t\t\t<\/div>\n\t\t\t\t<\/div>\n\t\t","protected":false},"excerpt":{"rendered":"<p>Contactez-nous Rejoignez nos lieux de travail \u00e0 travers le S\u00e9n\u00e9gal Envoyer Message &quot;Vidange et Pompage&quot;&quot;Entretien et Curage&quot;&quot;D\u00e9bouchage et D\u00e9sengorgement&quot; &quot;Installation de Syst\u00e8mes de Pompage&quot; En cochant vous acceptez les conditions et termes de confidentialit\u00e9s<\/p>\n","protected":false},"author":1,"featured_media":0,"parent":0,"menu_order":0,"comment_status":"closed","ping_status":"closed","template":"templates\/page-builder-content.php","meta":{"content-type":"","footnotes":""},"class_list":["post-253","page","type-page","status-publish","hentry"],"yoast_head":"<!-- This site is optimized with the Yoast SEO plugin v26.3 - https:\/\/yoast.com\/wordpress\/plugins\/seo\/ -->\n<title>Contact - VICAS SARL<\/title>\n<meta name=\"robots\" content=\"index, follow, max-snippet:-1, max-image-preview:large, max-video-preview:-1\" \/>\n<link rel=\"canonical\" href=\"https:\/\/vicas.prestigeconcepts.sn\/index.php\/contact\/\" \/>\n<meta property=\"og:locale\" content=\"en_US\" \/>\n<meta property=\"og:type\" content=\"article\" \/>\n<meta property=\"og:title\" content=\"Contact - VICAS SARL\" \/>\n<meta property=\"og:description\" content=\"Contactez-nous Rejoignez nos lieux de travail \u00e0 travers le S\u00e9n\u00e9gal Envoyer Message &quot;Vidange et Pompage&quot;&quot;Entretien et Curage&quot;&quot;D\u00e9bouchage et D\u00e9sengorgement&quot; &quot;Installation de Syst\u00e8mes de Pompage&quot; En cochant vous acceptez les conditions et termes de confidentialit\u00e9s\" \/>\n<meta property=\"og:url\" content=\"https:\/\/vicas.prestigeconcepts.sn\/index.php\/contact\/\" \/>\n<meta property=\"og:site_name\" content=\"VICAS SARL\" \/>\n<meta property=\"article:modified_time\" content=\"2025-11-19T00:27:22+00:00\" \/>\n<meta property=\"og:image\" content=\"http:\/\/vicas.prestigeconcepts.sn\/wp-content\/uploads\/2025\/11\/pngtree-map-of-senegal-map-cartography-contour-vector-png-image_18776982.png\" \/>\n<meta name=\"twitter:card\" content=\"summary_large_image\" \/>\n<meta name=\"twitter:label1\" content=\"Est. reading time\" \/>\n\t<meta name=\"twitter:data1\" content=\"1 minute\" \/>\n<script type=\"application\/ld+json\" class=\"yoast-schema-graph\">{\"@context\":\"https:\/\/schema.org\",\"@graph\":[{\"@type\":\"WebPage\",\"@id\":\"https:\/\/vicas.prestigeconcepts.sn\/index.php\/contact\/\",\"url\":\"https:\/\/vicas.prestigeconcepts.sn\/index.php\/contact\/\",\"name\":\"Contact - VICAS SARL\",\"isPartOf\":{\"@id\":\"https:\/\/vicas.prestigeconcepts.sn\/#website\"},\"primaryImageOfPage\":{\"@id\":\"https:\/\/vicas.prestigeconcepts.sn\/index.php\/contact\/#primaryimage\"},\"image\":{\"@id\":\"https:\/\/vicas.prestigeconcepts.sn\/index.php\/contact\/#primaryimage\"},\"thumbnailUrl\":\"http:\/\/vicas.prestigeconcepts.sn\/wp-content\/uploads\/2025\/11\/pngtree-map-of-senegal-map-cartography-contour-vector-png-image_18776982.png\",\"datePublished\":\"2021-02-21T06:37:36+00:00\",\"dateModified\":\"2025-11-19T00:27:22+00:00\",\"breadcrumb\":{\"@id\":\"https:\/\/vicas.prestigeconcepts.sn\/index.php\/contact\/#breadcrumb\"},\"inLanguage\":\"en-US\",\"potentialAction\":[{\"@type\":\"ReadAction\",\"target\":[\"https:\/\/vicas.prestigeconcepts.sn\/index.php\/contact\/\"]}]},{\"@type\":\"ImageObject\",\"inLanguage\":\"en-US\",\"@id\":\"https:\/\/vicas.prestigeconcepts.sn\/index.php\/contact\/#primaryimage\",\"url\":\"https:\/\/vicas.prestigeconcepts.sn\/wp-content\/uploads\/2025\/11\/pngtree-map-of-senegal-map-cartography-contour-vector-png-image_18776982.png\",\"contentUrl\":\"https:\/\/vicas.prestigeconcepts.sn\/wp-content\/uploads\/2025\/11\/pngtree-map-of-senegal-map-cartography-contour-vector-png-image_18776982.png\",\"width\":450,\"height\":360},{\"@type\":\"BreadcrumbList\",\"@id\":\"https:\/\/vicas.prestigeconcepts.sn\/index.php\/contact\/#breadcrumb\",\"itemListElement\":[{\"@type\":\"ListItem\",\"position\":1,\"name\":\"Home\",\"item\":\"https:\/\/vicas.prestigeconcepts.sn\/\"},{\"@type\":\"ListItem\",\"position\":2,\"name\":\"Contact\"}]},{\"@type\":\"WebSite\",\"@id\":\"https:\/\/vicas.prestigeconcepts.sn\/#website\",\"url\":\"https:\/\/vicas.prestigeconcepts.sn\/\",\"name\":\"VICAS SARL\",\"description\":\"Les m\u00e9tiers de l\u2019assainissement au S\u00e9n\u00e9gal\",\"publisher\":{\"@id\":\"https:\/\/vicas.prestigeconcepts.sn\/#organization\"},\"potentialAction\":[{\"@type\":\"SearchAction\",\"target\":{\"@type\":\"EntryPoint\",\"urlTemplate\":\"https:\/\/vicas.prestigeconcepts.sn\/?s={search_term_string}\"},\"query-input\":{\"@type\":\"PropertyValueSpecification\",\"valueRequired\":true,\"valueName\":\"search_term_string\"}}],\"inLanguage\":\"en-US\"},{\"@type\":\"Organization\",\"@id\":\"https:\/\/vicas.prestigeconcepts.sn\/#organization\",\"name\":\"VICAS SARL\",\"url\":\"https:\/\/vicas.prestigeconcepts.sn\/\",\"logo\":{\"@type\":\"ImageObject\",\"inLanguage\":\"en-US\",\"@id\":\"https:\/\/vicas.prestigeconcepts.sn\/#\/schema\/logo\/image\/\",\"url\":\"https:\/\/vicas.prestigeconcepts.sn\/wp-content\/uploads\/2025\/11\/cropped-309345581_791909458446905_1099306873475995125_n-removebg-preview.png\",\"contentUrl\":\"https:\/\/vicas.prestigeconcepts.sn\/wp-content\/uploads\/2025\/11\/cropped-309345581_791909458446905_1099306873475995125_n-removebg-preview.png\",\"width\":168,\"height\":87,\"caption\":\"VICAS SARL\"},\"image\":{\"@id\":\"https:\/\/vicas.prestigeconcepts.sn\/#\/schema\/logo\/image\/\"}}]}<\/script>\n<!-- \/ Yoast SEO plugin. -->","yoast_head_json":{"title":"Contact - VICAS SARL","robots":{"index":"index","follow":"follow","max-snippet":"max-snippet:-1","max-image-preview":"max-image-preview:large","max-video-preview":"max-video-preview:-1"},"canonical":"https:\/\/vicas.prestigeconcepts.sn\/index.php\/contact\/","og_locale":"en_US","og_type":"article","og_title":"Contact - VICAS SARL","og_description":"Contactez-nous Rejoignez nos lieux de travail \u00e0 travers le S\u00e9n\u00e9gal Envoyer Message &quot;Vidange et Pompage&quot;&quot;Entretien et Curage&quot;&quot;D\u00e9bouchage et D\u00e9sengorgement&quot; &quot;Installation de Syst\u00e8mes de Pompage&quot; En cochant vous acceptez les conditions et termes de confidentialit\u00e9s","og_url":"https:\/\/vicas.prestigeconcepts.sn\/index.php\/contact\/","og_site_name":"VICAS SARL","article_modified_time":"2025-11-19T00:27:22+00:00","og_image":[{"url":"http:\/\/vicas.prestigeconcepts.sn\/wp-content\/uploads\/2025\/11\/pngtree-map-of-senegal-map-cartography-contour-vector-png-image_18776982.png","type":"","width":"","height":""}],"twitter_card":"summary_large_image","twitter_misc":{"Est. reading time":"1 minute"},"schema":{"@context":"https:\/\/schema.org","@graph":[{"@type":"WebPage","@id":"https:\/\/vicas.prestigeconcepts.sn\/index.php\/contact\/","url":"https:\/\/vicas.prestigeconcepts.sn\/index.php\/contact\/","name":"Contact - VICAS SARL","isPartOf":{"@id":"https:\/\/vicas.prestigeconcepts.sn\/#website"},"primaryImageOfPage":{"@id":"https:\/\/vicas.prestigeconcepts.sn\/index.php\/contact\/#primaryimage"},"image":{"@id":"https:\/\/vicas.prestigeconcepts.sn\/index.php\/contact\/#primaryimage"},"thumbnailUrl":"http:\/\/vicas.prestigeconcepts.sn\/wp-content\/uploads\/2025\/11\/pngtree-map-of-senegal-map-cartography-contour-vector-png-image_18776982.png","datePublished":"2021-02-21T06:37:36+00:00","dateModified":"2025-11-19T00:27:22+00:00","breadcrumb":{"@id":"https:\/\/vicas.prestigeconcepts.sn\/index.php\/contact\/#breadcrumb"},"inLanguage":"en-US","potentialAction":[{"@type":"ReadAction","target":["https:\/\/vicas.prestigeconcepts.sn\/index.php\/contact\/"]}]},{"@type":"ImageObject","inLanguage":"en-US","@id":"https:\/\/vicas.prestigeconcepts.sn\/index.php\/contact\/#primaryimage","url":"https:\/\/vicas.prestigeconcepts.sn\/wp-content\/uploads\/2025\/11\/pngtree-map-of-senegal-map-cartography-contour-vector-png-image_18776982.png","contentUrl":"https:\/\/vicas.prestigeconcepts.sn\/wp-content\/uploads\/2025\/11\/pngtree-map-of-senegal-map-cartography-contour-vector-png-image_18776982.png","width":450,"height":360},{"@type":"BreadcrumbList","@id":"https:\/\/vicas.prestigeconcepts.sn\/index.php\/contact\/#breadcrumb","itemListElement":[{"@type":"ListItem","position":1,"name":"Home","item":"https:\/\/vicas.prestigeconcepts.sn\/"},{"@type":"ListItem","position":2,"name":"Contact"}]},{"@type":"WebSite","@id":"https:\/\/vicas.prestigeconcepts.sn\/#website","url":"https:\/\/vicas.prestigeconcepts.sn\/","name":"VICAS SARL","description":"Les m\u00e9tiers de l\u2019assainissement au S\u00e9n\u00e9gal","publisher":{"@id":"https:\/\/vicas.prestigeconcepts.sn\/#organization"},"potentialAction":[{"@type":"SearchAction","target":{"@type":"EntryPoint","urlTemplate":"https:\/\/vicas.prestigeconcepts.sn\/?s={search_term_string}"},"query-input":{"@type":"PropertyValueSpecification","valueRequired":true,"valueName":"search_term_string"}}],"inLanguage":"en-US"},{"@type":"Organization","@id":"https:\/\/vicas.prestigeconcepts.sn\/#organization","name":"VICAS SARL","url":"https:\/\/vicas.prestigeconcepts.sn\/","logo":{"@type":"ImageObject","inLanguage":"en-US","@id":"https:\/\/vicas.prestigeconcepts.sn\/#\/schema\/logo\/image\/","url":"https:\/\/vicas.prestigeconcepts.sn\/wp-content\/uploads\/2025\/11\/cropped-309345581_791909458446905_1099306873475995125_n-removebg-preview.png","contentUrl":"https:\/\/vicas.prestigeconcepts.sn\/wp-content\/uploads\/2025\/11\/cropped-309345581_791909458446905_1099306873475995125_n-removebg-preview.png","width":168,"height":87,"caption":"VICAS SARL"},"image":{"@id":"https:\/\/vicas.prestigeconcepts.sn\/#\/schema\/logo\/image\/"}}]}},"_links":{"self":[{"href":"https:\/\/vicas.prestigeconcepts.sn\/index.php\/wp-json\/wp\/v2\/pages\/253","targetHints":{"allow":["GET"]}}],"collection":[{"href":"https:\/\/vicas.prestigeconcepts.sn\/index.php\/wp-json\/wp\/v2\/pages"}],"about":[{"href":"https:\/\/vicas.prestigeconcepts.sn\/index.php\/wp-json\/wp\/v2\/types\/page"}],"author":[{"embeddable":true,"href":"https:\/\/vicas.prestigeconcepts.sn\/index.php\/wp-json\/wp\/v2\/users\/1"}],"replies":[{"embeddable":true,"href":"https:\/\/vicas.prestigeconcepts.sn\/index.php\/wp-json\/wp\/v2\/comments?post=253"}],"version-history":[{"count":9,"href":"https:\/\/vicas.prestigeconcepts.sn\/index.php\/wp-json\/wp\/v2\/pages\/253\/revisions"}],"predecessor-version":[{"id":410,"href":"https:\/\/vicas.prestigeconcepts.sn\/index.php\/wp-json\/wp\/v2\/pages\/253\/revisions\/410"}],"wp:attachment":[{"href":"https:\/\/vicas.prestigeconcepts.sn\/index.php\/wp-json\/wp\/v2\/media?parent=253"}],"curies":[{"name":"wp","href":"https:\/\/api.w.org\/{rel}","templated":true}]}}